{"id":114,"date":"2017-05-10T11:25:49","date_gmt":"2017-05-10T11:25:49","guid":{"rendered":"http:\/\/midiamarketing.com\/loja\/?page_id=114"},"modified":"2017-05-10T11:25:49","modified_gmt":"2017-05-10T11:25:49","slug":"sobre-nos","status":"publish","type":"page","link":"https:\/\/midiamarketing.com\/loja\/sobre-nos\/","title":{"rendered":"Sobre n\u00f3s"},"content":{"rendered":"<h2>Hist\u00f3rico<\/h2>\n<p>Iniciamos nossas atividades em Agosto do ano 2000, tornando-nos a primeira empresa especializada em desenvolvimento de sites cont\u00e1beis do Brasil, futuramente abrindo espa\u00e7o para sites jur\u00eddicos e em geral. Nossa sede est\u00e1 localizada no munic\u00edpio de Santa Cruz do Rio Pardo &#8211; SP, e no decorrer desses anos desenvolvemos mais de 4000 sites para empresas de contabilidade e outros segmentos.<\/p>\n<h2>Miss\u00e3o<\/h2>\n<p>Oferecer ferramentas eficazes, treinar, capacitar e auxiliar nossos clientes a elevar \u00e0 excel\u00eancia sua presta\u00e7\u00e3o de servi\u00e7os.<\/p>\n<h2>Vis\u00e3o<\/h2>\n<p>Ter nossa marca e servi\u00e7os reconhecidos, aprimorando e direcionando nossos esfor\u00e7os para a constante evolu\u00e7\u00e3o dos servi\u00e7os oferecidos e de nossos clientes.<\/p>\n","protected":false},"excerpt":{"rendered":"<p>Hist\u00f3rico Iniciamos nossas atividades em Agosto do ano 2000, tornando-nos a primeira empresa especializada em desenvolvimento de sites cont\u00e1beis do Brasil, futuramente abrindo espa\u00e7o para sites jur\u00eddicos e em geral. Nossa sede est\u00e1 localizada no munic\u00edpio de Santa Cruz do Rio Pardo &#8211; SP, e no decorrer desses anos desenvolvemos mais de 4000 sites para [&hellip;]<\/p>\n","protected":false},"author":9,"featured_media":0,"parent":0,"menu_order":0,"comment_status":"closed","ping_status":"closed","template":"","meta":[],"_links":{"self":[{"href":"https:\/\/midiamarketing.com\/loja\/wp-json\/wp\/v2\/pages\/114"}],"collection":[{"href":"https:\/\/midiamarketing.com\/loja\/wp-json\/wp\/v2\/pages"}],"about":[{"href":"https:\/\/midiamarketing.com\/loja\/wp-json\/wp\/v2\/types\/page"}],"author":[{"embeddable":true,"href":"https:\/\/midiamarketing.com\/loja\/wp-json\/wp\/v2\/users\/9"}],"replies":[{"embeddable":true,"href":"https:\/\/midiamarketing.com\/loja\/wp-json\/wp\/v2\/comments?post=114"}],"version-history":[{"count":1,"href":"https:\/\/midiamarketing.com\/loja\/wp-json\/wp\/v2\/pages\/114\/revisions"}],"predecessor-version":[{"id":115,"href":"https:\/\/midiamarketing.com\/loja\/wp-json\/wp\/v2\/pages\/114\/revisions\/115"}],"wp:attachment":[{"href":"https:\/\/midiamarketing.com\/loja\/wp-json\/wp\/v2\/media?parent=114"}],"curies":[{"name":"wp","href":"https:\/\/api.w.org\/{rel}","templated":true}]}}