{"id":117,"date":"2017-05-10T11:29:37","date_gmt":"2017-05-10T11:29:37","guid":{"rendered":"http:\/\/midiamarketing.com\/loja\/?page_id=117"},"modified":"2017-05-10T11:30:03","modified_gmt":"2017-05-10T11:30:03","slug":"117-2","status":"publish","type":"page","link":"https:\/\/midiamarketing.com\/loja\/117-2\/","title":{"rendered":"Servi\u00e7os oferecidos"},"content":{"rendered":"<h2>Website<\/h2>\n<p>Buscamos encontrar o perfil correto de nossos clientes atrav\u00e9s de dados enviados pelos mesmos, como logomarca, cores do escrit\u00f3rio, servi\u00e7os prestados, equipe de trabalho, hist\u00f3rico da empresa e outras informa\u00e7\u00f5es para o desenvolvimento.<\/p>\n<p>Al\u00e9m da preocupa\u00e7\u00e3o com design, os sites s\u00e3o desenvolvidos tendo em vista o bom funcionamento em mecanismos de buscas, acessibilidade, compatibilidade com smartphone e tablets.<\/p>\n<h2>Marketing<\/h2>\n<p>Desenvolvemos pesquisas mercadol\u00f3gicas, opini\u00e3o de clientes e satisfa\u00e7\u00e3o de funcion\u00e1rios para a avalia\u00e7\u00e3o das necessidades de sua empresa e identifica\u00e7\u00e3o dos pontos fortes e fracos. Com o resultado obtido podemos propor o projeto mais adequado \u00e0 sua realidade atrav\u00e9s do desenvolvimento da identidade visual e corporativa para o fortalecimento da marca.<\/p>\n<p>Para isto, tamb\u00e9m ministramos treinamentos para gestores e suas equipes sobre motiva\u00e7\u00e3o, administra\u00e7\u00e3o do tempo, excel\u00eancia no atendimento e gest\u00e3o de pessoas, objetivando maior motiva\u00e7\u00e3o e produtividade.<\/p>\n<h2>Hospedagem<\/h2>\n<p>Possu\u00edmos confi\u00e1veis parcerias com servidores\u00a0seguros garantindo a tranquilidade aos nossos clientes, al\u00e9m de e-mails personalizados e garantia dos dados internos, desde que sejam executados de maneira segura aos procedimentos de uso pelos usu\u00e1rios.<\/p>\n<h2>Divulga\u00e7\u00e3o<\/h2>\n<p>Divulgamos todos os clientes dentro de nossos portais (<a href=\"\/\/sitecontabil.com.br\/\" target=\"_blank\">Sitecontabil<\/a> e <a href=\"\/\/jurisite.com.br\/\" target=\"_blank\">Jurisite<\/a>) que s\u00e3o visitados constantemente por pessoas que buscam uma ajuda especializada e pelos pr\u00f3prios profissionais da \u00e1rea que buscam informa\u00e7\u00f5es.<\/p>\n<h2>Atualiza\u00e7\u00e3o<\/h2>\n<p>Possu\u00edmos mat\u00e9rias pr\u00f3prias em nossos portais (<a href=\"http:\/\/sitecontabil.com.br\/\" target=\"_blank\">Sitecontabil<\/a> e <a href=\"http:\/\/jurisite.com.br\/\" target=\"_blank\">Jurisite<\/a>) atualizadas por nossa equipe diariamente. Essas mat\u00e9rias s\u00e3o incorporadas nos sites de todos nossos clientes e parceiros.<\/p>\n","protected":false},"excerpt":{"rendered":"<p>Website Buscamos encontrar o perfil correto de nossos clientes atrav\u00e9s de dados enviados pelos mesmos, como logomarca, cores do escrit\u00f3rio, servi\u00e7os prestados, equipe de trabalho, hist\u00f3rico da empresa e outras informa\u00e7\u00f5es para o desenvolvimento. Al\u00e9m da preocupa\u00e7\u00e3o com design, os sites s\u00e3o desenvolvidos tendo em vista o bom funcionamento em mecanismos de buscas, acessibilidade, compatibilidade [&hellip;]<\/p>\n","protected":false},"author":9,"featured_media":0,"parent":0,"menu_order":0,"comment_status":"closed","ping_status":"closed","template":"","meta":[],"_links":{"self":[{"href":"https:\/\/midiamarketing.com\/loja\/wp-json\/wp\/v2\/pages\/117"}],"collection":[{"href":"https:\/\/midiamarketing.com\/loja\/wp-json\/wp\/v2\/pages"}],"about":[{"href":"https:\/\/midiamarketing.com\/loja\/wp-json\/wp\/v2\/types\/page"}],"author":[{"embeddable":true,"href":"https:\/\/midiamarketing.com\/loja\/wp-json\/wp\/v2\/users\/9"}],"replies":[{"embeddable":true,"href":"https:\/\/midiamarketing.com\/loja\/wp-json\/wp\/v2\/comments?post=117"}],"version-history":[{"count":2,"href":"https:\/\/midiamarketing.com\/loja\/wp-json\/wp\/v2\/pages\/117\/revisions"}],"predecessor-version":[{"id":119,"href":"https:\/\/midiamarketing.com\/loja\/wp-json\/wp\/v2\/pages\/117\/revisions\/119"}],"wp:attachment":[{"href":"https:\/\/midiamarketing.com\/loja\/wp-json\/wp\/v2\/media?parent=117"}],"curies":[{"name":"wp","href":"https:\/\/api.w.org\/{rel}","templated":true}]}}